{"id":549,"date":"2025-09-09T18:42:50","date_gmt":"2025-09-09T18:42:50","guid":{"rendered":"https:\/\/eve-art.pl\/?post_type=product&#038;p=549"},"modified":"2025-11-22T14:01:40","modified_gmt":"2025-11-22T14:01:40","slug":"kubek-ciastek-drobny","status":"publish","type":"product","link":"https:\/\/eve-art.pl\/index.php\/produkt\/kubek-ciastek-drobny\/","title":{"rendered":"Kubek Ciastek drobny"},"content":{"rendered":"<p>Kubek toczony na kole \u00a0z gliny w pi\u0119kna ozdobna kropeczk\u0119 idealny na zimowe wieczory i gor\u0105ca \u00a0czekolad\u0119 z piankami<\/p>\n<p>Pojemno\u015b\u0107:320ml<\/p>\n<p>To naczynie \u00a0jest szkliwione szkliwami przeznaczonymi do cel\u00f3w spo\u017cywczych<\/p>\n<p>Mo\u017cna my\u0107 w zmywarce w sumie to nawet trzeba-bo szkoda d\u0142oni .<\/p>\n","protected":false},"excerpt":{"rendered":"<p>Je\u015bli chcesz aby Twoje zamowienie zosta\u0142o wys\u0142ane do paczkomatu<\/p>\n<p>podaj jego numer i adres -Wy\u015blemy je z rado\u015bci\u0105.<\/p>\n","protected":false},"featured_media":552,"comment_status":"closed","ping_status":"closed","template":"","meta":[],"product_brand":[],"product_cat":[17,19],"product_tag":[],"class_list":{"0":"post-549","1":"product","2":"type-product","3":"status-publish","4":"has-post-thumbnail","6":"product_cat-ceramika","7":"product_cat-kubki-ceramiczne","9":"first","10":"instock","11":"shipping-taxable","12":"purchasable","13":"product-type-simple"},"aioseo_notices":[],"aioseo_head":"\n\t\t<!-- All in One SEO Pro 4.9.0 - aioseo.com -->\n\t<meta name=\"description\" content=\"Je\u015bli chcesz aby Twoje zamowienie zosta\u0142o wys\u0142ane do paczkomatu podaj jego numer i adres -Wy\u015blemy je z rado\u015bci\u0105.\" \/>\n\t<meta name=\"robots\" content=\"max-image-preview:large\" \/>\n\t<link rel=\"canonical\" href=\"https:\/\/eve-art.pl\/index.php\/produkt\/kubek-ciastek-drobny\/\" \/>\n\t<meta name=\"generator\" content=\"All in One SEO Pro (AIOSEO) 4.9.0\" \/>\n\t\t<meta property=\"og:locale\" content=\"pl_PL\" \/>\n\t\t<meta property=\"og:site_name\" content=\"EVE Art Pracownia Ceramiki - Sklep z ceramik\u0105, warsztaty ceramiczne, nauka rzemios\u0142a\" \/>\n\t\t<meta property=\"og:type\" content=\"article\" \/>\n\t\t<meta property=\"og:title\" content=\"Kubek Ciastek drobny - EVE Art Pracownia Ceramiki\" \/>\n\t\t<meta property=\"og:description\" content=\"Je\u015bli chcesz aby Twoje zamowienie zosta\u0142o wys\u0142ane do paczkomatu podaj jego numer i adres -Wy\u015blemy je z rado\u015bci\u0105.\" \/>\n\t\t<meta property=\"og:url\" content=\"https:\/\/eve-art.pl\/index.php\/produkt\/kubek-ciastek-drobny\/\" \/>\n\t\t<meta property=\"article:published_time\" content=\"2025-09-09T18:42:50+00:00\" \/>\n\t\t<meta property=\"article:modified_time\" content=\"2025-11-22T14:01:40+00:00\" \/>\n\t\t<meta property=\"article:publisher\" content=\"https:\/\/www.facebook.com\/Eve.ceramic\" \/>\n\t\t<meta name=\"twitter:card\" content=\"summary_large_image\" \/>\n\t\t<meta name=\"twitter:title\" content=\"Kubek Ciastek drobny - EVE Art Pracownia Ceramiki\" \/>\n\t\t<meta name=\"twitter:description\" content=\"Je\u015bli chcesz aby Twoje zamowienie zosta\u0142o wys\u0142ane do paczkomatu podaj jego numer i adres -Wy\u015blemy je z rado\u015bci\u0105.\" \/>\n\t\t<script type=\"application\/ld+json\" class=\"aioseo-schema\">\n\t\t\t{\"@context\":\"https:\\\/\\\/schema.org\",\"@graph\":[{\"@type\":\"BreadcrumbList\",\"@id\":\"https:\\\/\\\/eve-art.pl\\\/index.php\\\/produkt\\\/kubek-ciastek-drobny\\\/#breadcrumblist\",\"itemListElement\":[{\"@type\":\"ListItem\",\"@id\":\"https:\\\/\\\/eve-art.pl#listItem\",\"position\":1,\"name\":\"Home\",\"item\":\"https:\\\/\\\/eve-art.pl\",\"nextItem\":{\"@type\":\"ListItem\",\"@id\":\"https:\\\/\\\/eve-art.pl\\\/index.php\\\/sklep\\\/#listItem\",\"name\":\"Sklep\"}},{\"@type\":\"ListItem\",\"@id\":\"https:\\\/\\\/eve-art.pl\\\/index.php\\\/sklep\\\/#listItem\",\"position\":2,\"name\":\"Sklep\",\"item\":\"https:\\\/\\\/eve-art.pl\\\/index.php\\\/sklep\\\/\",\"nextItem\":{\"@type\":\"ListItem\",\"@id\":\"https:\\\/\\\/eve-art.pl\\\/index.php\\\/kategoria-produktu\\\/ceramika\\\/#listItem\",\"name\":\"Ceramika\"},\"previousItem\":{\"@type\":\"ListItem\",\"@id\":\"https:\\\/\\\/eve-art.pl#listItem\",\"name\":\"Home\"}},{\"@type\":\"ListItem\",\"@id\":\"https:\\\/\\\/eve-art.pl\\\/index.php\\\/kategoria-produktu\\\/ceramika\\\/#listItem\",\"position\":3,\"name\":\"Ceramika\",\"item\":\"https:\\\/\\\/eve-art.pl\\\/index.php\\\/kategoria-produktu\\\/ceramika\\\/\",\"nextItem\":{\"@type\":\"ListItem\",\"@id\":\"https:\\\/\\\/eve-art.pl\\\/index.php\\\/kategoria-produktu\\\/ceramika\\\/kubki-ceramiczne\\\/#listItem\",\"name\":\"Kubki ceramiczne\"},\"previousItem\":{\"@type\":\"ListItem\",\"@id\":\"https:\\\/\\\/eve-art.pl\\\/index.php\\\/sklep\\\/#listItem\",\"name\":\"Sklep\"}},{\"@type\":\"ListItem\",\"@id\":\"https:\\\/\\\/eve-art.pl\\\/index.php\\\/kategoria-produktu\\\/ceramika\\\/kubki-ceramiczne\\\/#listItem\",\"position\":4,\"name\":\"Kubki ceramiczne\",\"item\":\"https:\\\/\\\/eve-art.pl\\\/index.php\\\/kategoria-produktu\\\/ceramika\\\/kubki-ceramiczne\\\/\",\"nextItem\":{\"@type\":\"ListItem\",\"@id\":\"https:\\\/\\\/eve-art.pl\\\/index.php\\\/produkt\\\/kubek-ciastek-drobny\\\/#listItem\",\"name\":\"Kubek Ciastek drobny\"},\"previousItem\":{\"@type\":\"ListItem\",\"@id\":\"https:\\\/\\\/eve-art.pl\\\/index.php\\\/kategoria-produktu\\\/ceramika\\\/#listItem\",\"name\":\"Ceramika\"}},{\"@type\":\"ListItem\",\"@id\":\"https:\\\/\\\/eve-art.pl\\\/index.php\\\/produkt\\\/kubek-ciastek-drobny\\\/#listItem\",\"position\":5,\"name\":\"Kubek Ciastek drobny\",\"previousItem\":{\"@type\":\"ListItem\",\"@id\":\"https:\\\/\\\/eve-art.pl\\\/index.php\\\/kategoria-produktu\\\/ceramika\\\/kubki-ceramiczne\\\/#listItem\",\"name\":\"Kubki ceramiczne\"}}]},{\"@type\":\"Organization\",\"@id\":\"https:\\\/\\\/eve-art.pl\\\/#organization\",\"name\":\"EVE Art Pracownia Ceramiki Ewa Szczyg\\u0142owska Eve Ceramic\",\"description\":\"Sklep z ceramik\\u0105, warsztaty ceramiczne, nauka rzemios\\u0142a Ceramika u\\u017cytkowa i ozdobna - artystyczne podej\\u015bcie do gliny\",\"url\":\"https:\\\/\\\/eve-art.pl\\\/\",\"logo\":{\"@type\":\"ImageObject\",\"url\":\"https:\\\/\\\/eve-art.pl\\\/wp-content\\\/uploads\\\/2024\\\/10\\\/logoeveart.png\",\"@id\":\"https:\\\/\\\/eve-art.pl\\\/index.php\\\/produkt\\\/kubek-ciastek-drobny\\\/#organizationLogo\",\"width\":800,\"height\":533,\"caption\":\"logo pracowni rzemios\\u0142a artystycznego EVE\"},\"image\":{\"@id\":\"https:\\\/\\\/eve-art.pl\\\/index.php\\\/produkt\\\/kubek-ciastek-drobny\\\/#organizationLogo\"},\"sameAs\":[\"https:\\\/\\\/www.facebook.com\\\/Eve.ceramic\",\"https:\\\/\\\/www.instagram.com\\\/eve.ceramic\\\/\"]},{\"@type\":\"Product\",\"@id\":\"https:\\\/\\\/eve-art.pl\\\/index.php\\\/produkt\\\/kubek-ciastek-drobny\\\/#wooCommerceProduct\",\"name\":\"Kubek Ciastek drobny\",\"description\":\"Je\\u015bli chcesz aby Twoje zamowienie zosta\\u0142o wys\\u0142ane do paczkomatu\\r\\n\\r\\npodaj jego numer i adres -Wy\\u015blemy je z rado\\u015bci\\u0105.\",\"url\":\"https:\\\/\\\/eve-art.pl\\\/index.php\\\/produkt\\\/kubek-ciastek-drobny\\\/\",\"image\":{\"@type\":\"ImageObject\",\"url\":\"https:\\\/\\\/eve-art.pl\\\/wp-content\\\/uploads\\\/2025\\\/09\\\/IMG_6722-scaled.jpg\",\"@id\":\"https:\\\/\\\/eve-art.pl\\\/index.php\\\/produkt\\\/kubek-ciastek-drobny\\\/#productImage\",\"width\":1920,\"height\":2560},\"offers\":{\"@type\":\"Offer\",\"url\":\"https:\\\/\\\/eve-art.pl\\\/index.php\\\/produkt\\\/kubek-ciastek-drobny\\\/#wooCommerceOffer\",\"price\":170,\"priceCurrency\":\"PLN\",\"category\":\"Ceramika\",\"availability\":\"https:\\\/\\\/schema.org\\\/InStock\",\"priceSpecification\":{\"@type\":\"PriceSpecification\",\"price\":170,\"priceCurrency\":\"PLN\",\"valueAddedTaxIncluded\":\"true\"},\"seller\":{\"@type\":\"Organization\",\"@id\":\"https:\\\/\\\/eve-art.pl\\\/#organization\"}}},{\"@type\":\"WebPage\",\"@id\":\"https:\\\/\\\/eve-art.pl\\\/index.php\\\/produkt\\\/kubek-ciastek-drobny\\\/#webpage\",\"url\":\"https:\\\/\\\/eve-art.pl\\\/index.php\\\/produkt\\\/kubek-ciastek-drobny\\\/\",\"name\":\"Kubek Ciastek drobny - EVE Art Pracownia Ceramiki\",\"description\":\"Je\\u015bli chcesz aby Twoje zamowienie zosta\\u0142o wys\\u0142ane do paczkomatu podaj jego numer i adres -Wy\\u015blemy je z rado\\u015bci\\u0105.\",\"inLanguage\":\"pl-PL\",\"isPartOf\":{\"@id\":\"https:\\\/\\\/eve-art.pl\\\/#website\"},\"breadcrumb\":{\"@id\":\"https:\\\/\\\/eve-art.pl\\\/index.php\\\/produkt\\\/kubek-ciastek-drobny\\\/#breadcrumblist\"},\"image\":{\"@type\":\"ImageObject\",\"url\":\"https:\\\/\\\/eve-art.pl\\\/wp-content\\\/uploads\\\/2025\\\/09\\\/IMG_6722-scaled.jpg\",\"@id\":\"https:\\\/\\\/eve-art.pl\\\/index.php\\\/produkt\\\/kubek-ciastek-drobny\\\/#mainImage\",\"width\":1920,\"height\":2560},\"primaryImageOfPage\":{\"@id\":\"https:\\\/\\\/eve-art.pl\\\/index.php\\\/produkt\\\/kubek-ciastek-drobny\\\/#mainImage\"},\"datePublished\":\"2025-09-09T18:42:50+00:00\",\"dateModified\":\"2025-11-22T14:01:40+00:00\"},{\"@type\":\"WebSite\",\"@id\":\"https:\\\/\\\/eve-art.pl\\\/#website\",\"url\":\"https:\\\/\\\/eve-art.pl\\\/\",\"name\":\"EVE Art Pracownia Ceramiki\",\"description\":\"Sklep z ceramik\\u0105, warsztaty ceramiczne, nauka rzemios\\u0142a\",\"inLanguage\":\"pl-PL\",\"publisher\":{\"@id\":\"https:\\\/\\\/eve-art.pl\\\/#organization\"}}]}\n\t\t<\/script>\n\t\t<!-- All in One SEO Pro -->\r\n\t\t<title>Kubek Ciastek drobny - EVE Art Pracownia Ceramiki<\/title>\n\n","aioseo_head_json":{"title":"Kubek Ciastek drobny - EVE Art Pracownia Ceramiki","description":"Je\u015bli chcesz aby Twoje zamowienie zosta\u0142o wys\u0142ane do paczkomatu podaj jego numer i adres -Wy\u015blemy je z rado\u015bci\u0105.","canonical_url":"https:\/\/eve-art.pl\/index.php\/produkt\/kubek-ciastek-drobny\/","robots":"max-image-preview:large","keywords":"","webmasterTools":{"miscellaneous":""},"schema":{"@context":"https:\/\/schema.org","@graph":[{"@type":"BreadcrumbList","@id":"https:\/\/eve-art.pl\/index.php\/produkt\/kubek-ciastek-drobny\/#breadcrumblist","itemListElement":[{"@type":"ListItem","@id":"https:\/\/eve-art.pl#listItem","position":1,"name":"Home","item":"https:\/\/eve-art.pl","nextItem":{"@type":"ListItem","@id":"https:\/\/eve-art.pl\/index.php\/sklep\/#listItem","name":"Sklep"}},{"@type":"ListItem","@id":"https:\/\/eve-art.pl\/index.php\/sklep\/#listItem","position":2,"name":"Sklep","item":"https:\/\/eve-art.pl\/index.php\/sklep\/","nextItem":{"@type":"ListItem","@id":"https:\/\/eve-art.pl\/index.php\/kategoria-produktu\/ceramika\/#listItem","name":"Ceramika"},"previousItem":{"@type":"ListItem","@id":"https:\/\/eve-art.pl#listItem","name":"Home"}},{"@type":"ListItem","@id":"https:\/\/eve-art.pl\/index.php\/kategoria-produktu\/ceramika\/#listItem","position":3,"name":"Ceramika","item":"https:\/\/eve-art.pl\/index.php\/kategoria-produktu\/ceramika\/","nextItem":{"@type":"ListItem","@id":"https:\/\/eve-art.pl\/index.php\/kategoria-produktu\/ceramika\/kubki-ceramiczne\/#listItem","name":"Kubki ceramiczne"},"previousItem":{"@type":"ListItem","@id":"https:\/\/eve-art.pl\/index.php\/sklep\/#listItem","name":"Sklep"}},{"@type":"ListItem","@id":"https:\/\/eve-art.pl\/index.php\/kategoria-produktu\/ceramika\/kubki-ceramiczne\/#listItem","position":4,"name":"Kubki ceramiczne","item":"https:\/\/eve-art.pl\/index.php\/kategoria-produktu\/ceramika\/kubki-ceramiczne\/","nextItem":{"@type":"ListItem","@id":"https:\/\/eve-art.pl\/index.php\/produkt\/kubek-ciastek-drobny\/#listItem","name":"Kubek Ciastek drobny"},"previousItem":{"@type":"ListItem","@id":"https:\/\/eve-art.pl\/index.php\/kategoria-produktu\/ceramika\/#listItem","name":"Ceramika"}},{"@type":"ListItem","@id":"https:\/\/eve-art.pl\/index.php\/produkt\/kubek-ciastek-drobny\/#listItem","position":5,"name":"Kubek Ciastek drobny","previousItem":{"@type":"ListItem","@id":"https:\/\/eve-art.pl\/index.php\/kategoria-produktu\/ceramika\/kubki-ceramiczne\/#listItem","name":"Kubki ceramiczne"}}]},{"@type":"Organization","@id":"https:\/\/eve-art.pl\/#organization","name":"EVE Art Pracownia Ceramiki Ewa Szczyg\u0142owska Eve Ceramic","description":"Sklep z ceramik\u0105, warsztaty ceramiczne, nauka rzemios\u0142a Ceramika u\u017cytkowa i ozdobna - artystyczne podej\u015bcie do gliny","url":"https:\/\/eve-art.pl\/","logo":{"@type":"ImageObject","url":"https:\/\/eve-art.pl\/wp-content\/uploads\/2024\/10\/logoeveart.png","@id":"https:\/\/eve-art.pl\/index.php\/produkt\/kubek-ciastek-drobny\/#organizationLogo","width":800,"height":533,"caption":"logo pracowni rzemios\u0142a artystycznego EVE"},"image":{"@id":"https:\/\/eve-art.pl\/index.php\/produkt\/kubek-ciastek-drobny\/#organizationLogo"},"sameAs":["https:\/\/www.facebook.com\/Eve.ceramic","https:\/\/www.instagram.com\/eve.ceramic\/"]},{"@type":"Product","@id":"https:\/\/eve-art.pl\/index.php\/produkt\/kubek-ciastek-drobny\/#wooCommerceProduct","name":"Kubek Ciastek drobny","description":"Je\u015bli chcesz aby Twoje zamowienie zosta\u0142o wys\u0142ane do paczkomatu\r\n\r\npodaj jego numer i adres -Wy\u015blemy je z rado\u015bci\u0105.","url":"https:\/\/eve-art.pl\/index.php\/produkt\/kubek-ciastek-drobny\/","image":{"@type":"ImageObject","url":"https:\/\/eve-art.pl\/wp-content\/uploads\/2025\/09\/IMG_6722-scaled.jpg","@id":"https:\/\/eve-art.pl\/index.php\/produkt\/kubek-ciastek-drobny\/#productImage","width":1920,"height":2560},"offers":{"@type":"Offer","url":"https:\/\/eve-art.pl\/index.php\/produkt\/kubek-ciastek-drobny\/#wooCommerceOffer","price":170,"priceCurrency":"PLN","category":"Ceramika","availability":"https:\/\/schema.org\/InStock","priceSpecification":{"@type":"PriceSpecification","price":170,"priceCurrency":"PLN","valueAddedTaxIncluded":"true"},"seller":{"@type":"Organization","@id":"https:\/\/eve-art.pl\/#organization"}}},{"@type":"WebPage","@id":"https:\/\/eve-art.pl\/index.php\/produkt\/kubek-ciastek-drobny\/#webpage","url":"https:\/\/eve-art.pl\/index.php\/produkt\/kubek-ciastek-drobny\/","name":"Kubek Ciastek drobny - EVE Art Pracownia Ceramiki","description":"Je\u015bli chcesz aby Twoje zamowienie zosta\u0142o wys\u0142ane do paczkomatu podaj jego numer i adres -Wy\u015blemy je z rado\u015bci\u0105.","inLanguage":"pl-PL","isPartOf":{"@id":"https:\/\/eve-art.pl\/#website"},"breadcrumb":{"@id":"https:\/\/eve-art.pl\/index.php\/produkt\/kubek-ciastek-drobny\/#breadcrumblist"},"image":{"@type":"ImageObject","url":"https:\/\/eve-art.pl\/wp-content\/uploads\/2025\/09\/IMG_6722-scaled.jpg","@id":"https:\/\/eve-art.pl\/index.php\/produkt\/kubek-ciastek-drobny\/#mainImage","width":1920,"height":2560},"primaryImageOfPage":{"@id":"https:\/\/eve-art.pl\/index.php\/produkt\/kubek-ciastek-drobny\/#mainImage"},"datePublished":"2025-09-09T18:42:50+00:00","dateModified":"2025-11-22T14:01:40+00:00"},{"@type":"WebSite","@id":"https:\/\/eve-art.pl\/#website","url":"https:\/\/eve-art.pl\/","name":"EVE Art Pracownia Ceramiki","description":"Sklep z ceramik\u0105, warsztaty ceramiczne, nauka rzemios\u0142a","inLanguage":"pl-PL","publisher":{"@id":"https:\/\/eve-art.pl\/#organization"}}]},"og:locale":"pl_PL","og:site_name":"EVE Art Pracownia Ceramiki - Sklep z ceramik\u0105, warsztaty ceramiczne, nauka rzemios\u0142a","og:type":"article","og:title":"Kubek Ciastek drobny - EVE Art Pracownia Ceramiki","og:description":"Je\u015bli chcesz aby Twoje zamowienie zosta\u0142o wys\u0142ane do paczkomatu podaj jego numer i adres -Wy\u015blemy je z rado\u015bci\u0105.","og:url":"https:\/\/eve-art.pl\/index.php\/produkt\/kubek-ciastek-drobny\/","article:published_time":"2025-09-09T18:42:50+00:00","article:modified_time":"2025-11-22T14:01:40+00:00","article:publisher":"https:\/\/www.facebook.com\/Eve.ceramic","twitter:card":"summary_large_image","twitter:title":"Kubek Ciastek drobny - EVE Art Pracownia Ceramiki","twitter:description":"Je\u015bli chcesz aby Twoje zamowienie zosta\u0142o wys\u0142ane do paczkomatu podaj jego numer i adres -Wy\u015blemy je z rado\u015bci\u0105."},"aioseo_meta_data":{"post_id":"549","title":null,"description":null,"keywords":null,"keyphrases":null,"primary_term":null,"canonical_url":null,"og_title":null,"og_description":null,"og_object_type":"default","og_image_type":"default","og_image_url":null,"og_image_width":null,"og_image_height":null,"og_image_custom_url":null,"og_image_custom_fields":null,"og_video":null,"og_custom_url":null,"og_article_section":null,"og_article_tags":null,"twitter_use_og":false,"twitter_card":"default","twitter_image_type":"default","twitter_image_url":null,"twitter_image_custom_url":null,"twitter_image_custom_fields":null,"twitter_title":null,"twitter_description":null,"schema":{"blockGraphs":[],"customGraphs":[],"default":{"data":{"Article":[],"Course":[],"Dataset":[],"FAQPage":[],"Movie":[],"Person":[],"Product":[],"ProductReview":[],"Car":[],"Recipe":[],"Service":[],"SoftwareApplication":[],"WebPage":[]},"graphName":"Product","isEnabled":true},"graphs":[]},"schema_type":"default","schema_type_options":null,"pillar_content":false,"robots_default":true,"robots_noindex":false,"robots_noarchive":false,"robots_nosnippet":false,"robots_nofollow":false,"robots_noimageindex":false,"robots_noodp":false,"robots_notranslate":false,"robots_max_snippet":null,"robots_max_videopreview":null,"robots_max_imagepreview":"large","priority":null,"frequency":null,"local_seo":null,"seo_analyzer_scan_date":"2025-10-28 13:30:25","breadcrumb_settings":null,"limit_modified_date":false,"reviewed_by":null,"open_ai":null,"ai":null,"created":"2025-09-09 18:25:43","updated":"2025-11-22 14:31:21"},"aioseo_breadcrumb":"<div class=\"aioseo-breadcrumbs\"><span class=\"aioseo-breadcrumb\">\n\t<a href=\"https:\/\/eve-art.pl\" title=\"Home\">Home<\/a>\n<\/span><span class=\"aioseo-breadcrumb-separator\">&raquo;<\/span><span class=\"aioseo-breadcrumb\">\n\t<a href=\"https:\/\/eve-art.pl\/index.php\/sklep\/\" title=\"Sklep\">Sklep<\/a>\n<\/span><span class=\"aioseo-breadcrumb-separator\">&raquo;<\/span><span class=\"aioseo-breadcrumb\">\n\t<a href=\"https:\/\/eve-art.pl\/index.php\/kategoria-produktu\/ceramika\/\" title=\"Ceramika\">Ceramika<\/a>\n<\/span><span class=\"aioseo-breadcrumb-separator\">&raquo;<\/span><span class=\"aioseo-breadcrumb\">\n\t<a href=\"https:\/\/eve-art.pl\/index.php\/kategoria-produktu\/ceramika\/kubki-ceramiczne\/\" title=\"Kubki ceramiczne\">Kubki ceramiczne<\/a>\n<\/span><span class=\"aioseo-breadcrumb-separator\">&raquo;<\/span><span class=\"aioseo-breadcrumb\">\n\tKubek Ciastek drobny\n<\/span><\/div>","aioseo_breadcrumb_json":[{"label":"Home","link":"https:\/\/eve-art.pl"},{"label":"Sklep","link":"https:\/\/eve-art.pl\/index.php\/sklep\/"},{"label":"Ceramika","link":"https:\/\/eve-art.pl\/index.php\/kategoria-produktu\/ceramika\/"},{"label":"Kubki ceramiczne","link":"https:\/\/eve-art.pl\/index.php\/kategoria-produktu\/ceramika\/kubki-ceramiczne\/"},{"label":"Kubek Ciastek drobny","link":"https:\/\/eve-art.pl\/index.php\/produkt\/kubek-ciastek-drobny\/"}],"_links":{"self":[{"href":"https:\/\/eve-art.pl\/index.php\/wp-json\/wp\/v2\/product\/549","targetHints":{"allow":["GET"]}}],"collection":[{"href":"https:\/\/eve-art.pl\/index.php\/wp-json\/wp\/v2\/product"}],"about":[{"href":"https:\/\/eve-art.pl\/index.php\/wp-json\/wp\/v2\/types\/product"}],"replies":[{"embeddable":true,"href":"https:\/\/eve-art.pl\/index.php\/wp-json\/wp\/v2\/comments?post=549"}],"wp:featuredmedia":[{"embeddable":true,"href":"https:\/\/eve-art.pl\/index.php\/wp-json\/wp\/v2\/media\/552"}],"wp:attachment":[{"href":"https:\/\/eve-art.pl\/index.php\/wp-json\/wp\/v2\/media?parent=549"}],"wp:term":[{"taxonomy":"product_brand","embeddable":true,"href":"https:\/\/eve-art.pl\/index.php\/wp-json\/wp\/v2\/product_brand?post=549"},{"taxonomy":"product_cat","embeddable":true,"href":"https:\/\/eve-art.pl\/index.php\/wp-json\/wp\/v2\/product_cat?post=549"},{"taxonomy":"product_tag","embeddable":true,"href":"https:\/\/eve-art.pl\/index.php\/wp-json\/wp\/v2\/product_tag?post=549"}],"curies":[{"name":"wp","href":"https:\/\/api.w.org\/{rel}","templated":true}]}}